{"id":124,"date":"2025-08-18T15:31:57","date_gmt":"2025-08-18T13:31:57","guid":{"rendered":"http:\/\/cdtir49.fr\/?page_id=124"},"modified":"2026-04-10T19:28:08","modified_gmt":"2026-04-10T17:28:08","slug":"accueil","status":"publish","type":"page","link":"https:\/\/cdtir49.fr\/","title":{"rendered":""},"content":{"rendered":"\n<p class=\"has-text-align-center\"><strong>Bienvenue sur le site du Comit\u00e9 D\u00e9partemental de Tir Sportif du Maine-et-Loire !<\/strong><\/p>\n\n\n\n<p class=\"has-text-align-center\">Le tir sportif est une discipline qui allie pr\u00e9cision, concentration, ma\u00eetrise de soi et respect. <br>Ouvert \u00e0 tous, d\u00e8s le plus jeune \u00e2ge et jusqu\u2019aux seniors, il se pratique aussi bien en loisir qu\u2019en comp\u00e9tition, dans un esprit de convivialit\u00e9 et de partage.<\/p>\n\n\n\n<p class=\"has-text-align-center\">Le <strong>Comit\u00e9 D\u00e9partemental de Tir Sportif<\/strong> a pour mission d\u2019accompagner, de soutenir et de valoriser les clubs de notre d\u00e9partement. <br>En Maine-et-Loire, ce sont 10 clubs homologu\u00e9s F\u00e9d\u00e9ration Fran\u00e7aise de Tir, environ 2 400 licenci\u00e9s, dont de nombreux comp\u00e9titeurs \u00e0 notre niveau d\u00e9partemental mais \u00e9galement r\u00e9gional et national, un collectif jeune et de nombreuses heures b\u00e9n\u00e9voles : gestion sportive, entra\u00eenement, arbitrage, encadrement, etc.<\/p>\n\n\n\n<p class=\"has-text-align-center\">Ici, tu d\u00e9couvriras l\u2019univers du tir sportif de notre d\u00e9partement. <br>Que vous soyez pratiquant confirm\u00e9, d\u00e9butant curieux ou responsable de club, vous trouverez toutes les informations n\u00e9cessaires pour mieux conna\u00eetre notre discipline, suivre l\u2019actualit\u00e9 sportive du d\u00e9partement et d\u00e9couvrir les ressources mises \u00e0 votre disposition.<\/p>\n\n\n\n<p class=\"has-text-align-center\">Restez connect\u00e9s pour ne rien manquer !<\/p>\n\n\n\n<div class=\"wp-block-group has-global-padding is-layout-constrained wp-block-group-is-layout-constrained\">\n<figure class=\"wp-block-gallery has-nested-images columns-default is-cropped wp-block-gallery-1 is-layout-flex wp-block-gallery-is-layout-flex\">\n<figure class=\"wp-block-image size-large\"><img loading=\"lazy\" decoding=\"async\" width=\"1024\" height=\"682\" data-id=\"363\" src=\"http:\/\/cdtir49.fr\/wp-content\/uploads\/2025\/10\/6a36fff0-a5f6-4600-9b59-8513cb427219-1-1024x682.jpg\" alt=\"\" class=\"wp-image-363\" srcset=\"https:\/\/cdtir49.fr\/wp-content\/uploads\/2025\/10\/6a36fff0-a5f6-4600-9b59-8513cb427219-1-1024x682.jpg 1024w, https:\/\/cdtir49.fr\/wp-content\/uploads\/2025\/10\/6a36fff0-a5f6-4600-9b59-8513cb427219-1-300x200.jpg 300w, https:\/\/cdtir49.fr\/wp-content\/uploads\/2025\/10\/6a36fff0-a5f6-4600-9b59-8513cb427219-1-2000x1332.jpg 2000w, https:\/\/cdtir49.fr\/wp-content\/uploads\/2025\/10\/6a36fff0-a5f6-4600-9b59-8513cb427219-1.jpg 2048w\" sizes=\"auto, (max-width: 1024px) 100vw, 1024px\" \/><\/figure>\n\n\n\n<figure class=\"wp-block-image size-large\"><img loading=\"lazy\" decoding=\"async\" width=\"480\" height=\"640\" data-id=\"319\" src=\"http:\/\/cdtir49.fr\/wp-content\/uploads\/2025\/09\/thumbnail_f55c54eb-571c-45ee-876d-c4d94c7844f8.jpg\" alt=\"\" class=\"wp-image-319\" srcset=\"https:\/\/cdtir49.fr\/wp-content\/uploads\/2025\/09\/thumbnail_f55c54eb-571c-45ee-876d-c4d94c7844f8.jpg 480w, https:\/\/cdtir49.fr\/wp-content\/uploads\/2025\/09\/thumbnail_f55c54eb-571c-45ee-876d-c4d94c7844f8-225x300.jpg 225w\" sizes=\"auto, (max-width: 480px) 100vw, 480px\" \/><\/figure>\n\n\n\n<figure class=\"wp-block-image size-large\"><img loading=\"lazy\" decoding=\"async\" width=\"768\" height=\"1024\" data-id=\"307\" src=\"http:\/\/cdtir49.fr\/wp-content\/uploads\/2025\/09\/unnamed-3-768x1024.jpg\" alt=\"\" class=\"wp-image-307\" srcset=\"https:\/\/cdtir49.fr\/wp-content\/uploads\/2025\/09\/unnamed-3-768x1024.jpg 768w, https:\/\/cdtir49.fr\/wp-content\/uploads\/2025\/09\/unnamed-3-225x300.jpg 225w, https:\/\/cdtir49.fr\/wp-content\/uploads\/2025\/09\/unnamed-3-2000x2667.jpg 2000w, https:\/\/cdtir49.fr\/wp-content\/uploads\/2025\/09\/unnamed-3-scaled.jpg 1920w\" sizes=\"auto, (max-width: 768px) 100vw, 768px\" \/><\/figure>\n<\/figure>\n<\/div>\n\n\n\n<p><\/p>\n\n\n\n<hr class=\"wp-block-separator has-alpha-channel-opacity\"\/>\n\n\n\n<div class=\"wp-block-columns is-layout-flex wp-container-core-columns-is-layout-28f84493 wp-block-columns-is-layout-flex\">\n<div class=\"wp-block-column is-layout-flow wp-block-column-is-layout-flow\">\n<h2 class=\"wp-block-heading\">Actualit\u00e9s Comp\u00e9titions<\/h2>\n\n\n\n<p><strong>Championnat D\u00e9partemental TAR<\/strong><br>Doue-en-Anjou les 11 et 12 avril<br>Inscription sur ISIS WEB \u00e0 partir du 21 mars<br>* <a href=\"https:\/\/cdtir49.fr\/wp-content\/uploads\/2026\/03\/Deptx-TAR-Avis-de-Championnat.pdf\" data-type=\"attachment\" data-id=\"572\">Avis de Championnat<\/a><br>* <a href=\"https:\/\/cdtir49.fr\/wp-content\/uploads\/2026\/03\/Deptx-TAR-Plan-de-Tir.pdf\" data-type=\"attachment\" data-id=\"573\">Plan de tir<\/a><\/p>\n\n\n\n<p><strong>D\u00e9couvrez le <a href=\"https:\/\/www.fftir.org\/wp-content\/uploads\/2026\/01\/CNS-TAR-Reglement-TAR-2025-2026-Diffusion-20260112.pdf\">nouveau r\u00e8glement FFTir pour le TAR<\/a><\/strong><\/p>\n\n\n\n<p>Championnat D\u00e9partemental 25\/50m<br>Saumur les 18 et 19 avril<br>Inscription su ISIS WEB \u00e0 partir du 28 mars<br>* <a href=\"https:\/\/cdtir49.fr\/wp-content\/uploads\/2026\/03\/Deptx-25-50m-Avis-de-Championnat.pdf\" data-type=\"attachment\" data-id=\"574\">Avis de championnat<\/a><br>* <a href=\"https:\/\/cdtir49.fr\/wp-content\/uploads\/2026\/03\/Deptx-2550m-Plan-de-tir.pdf\" data-type=\"attachment\" data-id=\"575\">Plan de tir<\/a><br>* <a href=\"https:\/\/cdtir49.fr\/wp-content\/uploads\/2026\/04\/Deptx-25-50m-Tireurs-par-Postes.pdf\" data-type=\"attachment\" data-id=\"590\">Tireur par poste<\/a><\/p>\n<\/div>\n\n\n\n<div class=\"wp-block-column is-layout-flow wp-block-column-is-layout-flow\">\n<h2 class=\"wp-block-heading\">Alertes &#8211; tentatives d&#8217;escroquerie<\/h2>\n\n\n\n<p>Suite \u00e0 une information transmise par la Gendarmerie, nous vous informons qu\u2019\u00e0 la suite de la piraterie des logiciels&nbsp;<strong>ITAC<\/strong>&nbsp;et&nbsp;<strong>EDEN<\/strong>&nbsp;de la FFTir, des personnes malveillantes tentent actuellement d\u2019arnaquer des licenci\u00e9s.<\/p>\n\n\n\n<p><strong>&nbsp;Attention :<\/strong><br>Ces individus appellent en pr\u00e9tendant que vos armes doivent \u00eatre&nbsp;<strong>confisqu\u00e9es<\/strong>&nbsp;et prennent rendez-vous \u00e0 votre domicile pour les r\u00e9cup\u00e9rer.<br>\u27a1&nbsp;<strong>Ceci est totalement faux.<\/strong><br>Il n\u2019existe&nbsp;<strong>aucune proc\u00e9dure l\u00e9gale<\/strong>&nbsp;permettant \u00e0 quelqu\u2019un de venir chez vous pour saisir vos armes sur simple appel t\u00e9l\u00e9phonique.<\/p>\n\n\n\n<p><strong>Que faire si vous recevez un appel suspect ?<\/strong><\/p>\n\n\n\n<ol class=\"wp-block-list\">\n<li><strong>Ne donnez aucune information<\/strong>&nbsp;et&nbsp;<strong>ne prenez aucun rendez-vous<\/strong>.<\/li>\n\n\n\n<li><strong>Notez le num\u00e9ro appelant<\/strong>&nbsp;mais&nbsp;<strong>ne le rappelez pas<\/strong>.<\/li>\n\n\n\n<li><strong>Contactez imm\u00e9diatement les forces de l\u2019ordre<\/strong>&nbsp;(Gendarmerie ou Police) les plus proches de chez vous.\n<ul class=\"wp-block-list\">\n<li>Utilisez le num\u00e9ro officiel de votre brigade ou commissariat (prenez le temps de le noter \u00e0 l\u2019avance).<\/li>\n<\/ul>\n<\/li>\n<\/ol>\n\n\n\n<p>Nous comptons sur votre vigilance pour \u00e9viter toute tentative de fraude.<br><\/p>\n<\/div>\n<\/div>\n\n\n\n<div class=\"wp-block-columns is-layout-flex wp-container-core-columns-is-layout-28f84493 wp-block-columns-is-layout-flex\">\n<div class=\"wp-block-column is-layout-flow wp-block-column-is-layout-flow\">\n<h2 class=\"wp-block-heading\">Actualit\u00e9s Clubs<\/h2>\n\n\n\n<figure class=\"wp-block-image size-large is-resized\"><img loading=\"lazy\" decoding=\"async\" width=\"724\" height=\"1024\" src=\"http:\/\/cdtir49.fr\/wp-content\/uploads\/2026\/01\/porte-ouverte-esperence-tir_page-0001-1-724x1024.jpg\" alt=\"\" class=\"wp-image-543\" style=\"aspect-ratio:0.7070285714285715;width:302px;height:auto\" srcset=\"https:\/\/cdtir49.fr\/wp-content\/uploads\/2026\/01\/porte-ouverte-esperence-tir_page-0001-1-724x1024.jpg 724w, https:\/\/cdtir49.fr\/wp-content\/uploads\/2026\/01\/porte-ouverte-esperence-tir_page-0001-1-212x300.jpg 212w, https:\/\/cdtir49.fr\/wp-content\/uploads\/2026\/01\/porte-ouverte-esperence-tir_page-0001-1.jpg 1755w\" sizes=\"auto, (max-width: 724px) 100vw, 724px\" \/><\/figure>\n<\/div>\n\n\n\n<div class=\"wp-block-column is-layout-flow wp-block-column-is-layout-flow\"><\/div>\n\n\n\n<div class=\"wp-block-column is-layout-flow wp-block-column-is-layout-flow\"><\/div>\n<\/div>\n","protected":false},"excerpt":{"rendered":"<p>Bienvenue sur le site du Comit\u00e9 D\u00e9partemental de Tir Sportif du Maine-et-Loire ! Le tir sportif est une discipline qui allie pr\u00e9cision, concentration, ma\u00eetrise de soi et respect. Ouvert \u00e0 tous, d\u00e8s le plus jeune \u00e2ge et jusqu\u2019aux seniors, il se pratique aussi bien en loisir qu\u2019en comp\u00e9tition, dans un esprit de convivialit\u00e9 et de &hellip; <\/p>\n<p class=\"link-more\"><a href=\"https:\/\/cdtir49.fr\/\" class=\"more-link\">Read more<span class=\"screen-reader-text\"> &#8220;&#8221;<\/span><\/a><\/p>\n","protected":false},"author":1,"featured_media":0,"parent":0,"menu_order":0,"comment_status":"closed","ping_status":"closed","template":"page-templates\/homepage-no-hero.php","meta":{"footnotes":""},"class_list":["post-124","page","type-page","status-publish","hentry"],"_links":{"self":[{"href":"https:\/\/cdtir49.fr\/index.php?rest_route=\/wp\/v2\/pages\/124","targetHints":{"allow":["GET"]}}],"collection":[{"href":"https:\/\/cdtir49.fr\/index.php?rest_route=\/wp\/v2\/pages"}],"about":[{"href":"https:\/\/cdtir49.fr\/index.php?rest_route=\/wp\/v2\/types\/page"}],"author":[{"embeddable":true,"href":"https:\/\/cdtir49.fr\/index.php?rest_route=\/wp\/v2\/users\/1"}],"replies":[{"embeddable":true,"href":"https:\/\/cdtir49.fr\/index.php?rest_route=%2Fwp%2Fv2%2Fcomments&post=124"}],"version-history":[{"count":32,"href":"https:\/\/cdtir49.fr\/index.php?rest_route=\/wp\/v2\/pages\/124\/revisions"}],"predecessor-version":[{"id":592,"href":"https:\/\/cdtir49.fr\/index.php?rest_route=\/wp\/v2\/pages\/124\/revisions\/592"}],"wp:attachment":[{"href":"https:\/\/cdtir49.fr\/index.php?rest_route=%2Fwp%2Fv2%2Fmedia&parent=124"}],"curies":[{"name":"wp","href":"https:\/\/api.w.org\/{rel}","templated":true}]}}