{"id":168,"date":"2025-08-18T17:04:21","date_gmt":"2025-08-18T15:04:21","guid":{"rendered":"http:\/\/cdtir49.fr\/?page_id=168"},"modified":"2025-10-02T18:27:20","modified_gmt":"2025-10-02T16:27:20","slug":"association-sportive-de-tierce-tir","status":"publish","type":"page","link":"https:\/\/cdtir49.fr\/?page_id=168","title":{"rendered":"Association Sportive de Tierc\u00e9 Tir"},"content":{"rendered":"\n<div class=\"wp-block-columns is-layout-flex wp-container-core-columns-is-layout-28f84493 wp-block-columns-is-layout-flex\">\n<div class=\"wp-block-column is-layout-flow wp-block-column-is-layout-flow\" style=\"flex-basis:66.66%\">\n<div class=\"wp-block-media-text is-stacked-on-mobile is-vertically-aligned-top\" style=\"grid-template-columns:18% auto\"><figure class=\"wp-block-media-text__media\"><img loading=\"lazy\" decoding=\"async\" width=\"1024\" height=\"1020\" src=\"http:\/\/cdtir49.fr\/wp-content\/uploads\/2025\/08\/AST_TIERCE_final-1024x1020.jpg\" alt=\"\" class=\"wp-image-218 size-full\" srcset=\"https:\/\/cdtir49.fr\/wp-content\/uploads\/2025\/08\/AST_TIERCE_final-1024x1020.jpg 1024w, https:\/\/cdtir49.fr\/wp-content\/uploads\/2025\/08\/AST_TIERCE_final-300x300.jpg 300w, https:\/\/cdtir49.fr\/wp-content\/uploads\/2025\/08\/AST_TIERCE_final-150x150.jpg 150w, https:\/\/cdtir49.fr\/wp-content\/uploads\/2025\/08\/AST_TIERCE_final.jpg 1929w\" sizes=\"auto, (max-width: 1024px) 100vw, 1024px\" \/><\/figure><div class=\"wp-block-media-text__content\">\n<p>Pr\u00e9sident : J\u00e9r\u00f4me Joly<br>N\u00b0 club : 0549036<\/p>\n\n\n\n<p>Stade Municipal<br>Avenue des Erables <br>49125 TIERC\u00c9<\/p>\n\n\n\n<p>\u2709\ufe0f Email : astierce.tir@gmail.com<br>\ud83d\udcde Tel. : 06 20 46 41 46<br>Facebook : <a href=\"https:\/\/www.facebook.com\/profile.php?id=100063576008372\">AST Tir<\/a><br>Instagram : <a href=\"https:\/\/www.instagram.com\/astierce.tir\">@astierce.tir<\/a><\/p>\n\n\n\n<p><\/p>\n\n\n\n<p><span style=\"text-decoration: underline;\">Pratiques<\/span> :<br>* 10m : carabine et pistolet, \u00e9cole de tir<\/p>\n\n\n\n<p><span style=\"text-decoration: underline;\">Horaires<\/span> :<br>Mardi 18h30-22h<br>Mercredi 18h30-22h<br>Vendredi 18h30-22h<\/p>\n<\/div><\/div>\n<\/div>\n\n\n\n<div class=\"wp-block-column is-layout-flow wp-block-column-is-layout-flow\" style=\"flex-basis:33.33%\">\n<div class=\"wp-block-columns is-layout-flex wp-container-core-columns-is-layout-28f84493 wp-block-columns-is-layout-flex\">\n<div class=\"wp-block-column is-layout-flow wp-block-column-is-layout-flow\">\n<figure class=\"wp-block-image size-large\"><img loading=\"lazy\" decoding=\"async\" width=\"1024\" height=\"1014\" src=\"http:\/\/cdtir49.fr\/wp-content\/uploads\/2025\/09\/IMG_6726-1-1024x1014.jpg\" alt=\"\" class=\"wp-image-337\" srcset=\"https:\/\/cdtir49.fr\/wp-content\/uploads\/2025\/09\/IMG_6726-1-1024x1014.jpg 1024w, https:\/\/cdtir49.fr\/wp-content\/uploads\/2025\/09\/IMG_6726-1-300x297.jpg 300w, https:\/\/cdtir49.fr\/wp-content\/uploads\/2025\/09\/IMG_6726-1-150x150.jpg 150w, https:\/\/cdtir49.fr\/wp-content\/uploads\/2025\/09\/IMG_6726-1.jpg 1284w\" sizes=\"auto, (max-width: 1024px) 100vw, 1024px\" \/><\/figure>\n<\/div>\n\n\n\n<div class=\"wp-block-column is-layout-flow wp-block-column-is-layout-flow\">\n<figure class=\"wp-block-image size-large\"><img loading=\"lazy\" decoding=\"async\" width=\"1024\" height=\"1006\" src=\"http:\/\/cdtir49.fr\/wp-content\/uploads\/2025\/09\/IMG_6727-1024x1006.jpg\" alt=\"\" class=\"wp-image-338\" srcset=\"https:\/\/cdtir49.fr\/wp-content\/uploads\/2025\/09\/IMG_6727-1024x1006.jpg 1024w, https:\/\/cdtir49.fr\/wp-content\/uploads\/2025\/09\/IMG_6727-300x295.jpg 300w, https:\/\/cdtir49.fr\/wp-content\/uploads\/2025\/09\/IMG_6727.jpg 1284w\" sizes=\"auto, (max-width: 1024px) 100vw, 1024px\" \/><\/figure>\n<\/div>\n<\/div>\n\n\n\n<div class=\"wp-block-columns is-layout-flex wp-container-core-columns-is-layout-28f84493 wp-block-columns-is-layout-flex\">\n<div class=\"wp-block-column is-layout-flow wp-block-column-is-layout-flow\">\n<figure class=\"wp-block-image size-large\"><img loading=\"lazy\" decoding=\"async\" width=\"1024\" height=\"1015\" src=\"http:\/\/cdtir49.fr\/wp-content\/uploads\/2025\/09\/IMG_6728-1-1024x1015.jpg\" alt=\"\" class=\"wp-image-340\" srcset=\"https:\/\/cdtir49.fr\/wp-content\/uploads\/2025\/09\/IMG_6728-1-1024x1015.jpg 1024w, https:\/\/cdtir49.fr\/wp-content\/uploads\/2025\/09\/IMG_6728-1-300x297.jpg 300w, https:\/\/cdtir49.fr\/wp-content\/uploads\/2025\/09\/IMG_6728-1-150x150.jpg 150w, https:\/\/cdtir49.fr\/wp-content\/uploads\/2025\/09\/IMG_6728-1.jpg 1284w\" sizes=\"auto, (max-width: 1024px) 100vw, 1024px\" \/><\/figure>\n<\/div>\n\n\n\n<div class=\"wp-block-column is-layout-flow wp-block-column-is-layout-flow\">\n<figure class=\"wp-block-image size-large\"><img loading=\"lazy\" decoding=\"async\" width=\"1024\" height=\"923\" src=\"http:\/\/cdtir49.fr\/wp-content\/uploads\/2025\/09\/IMG_6729-1024x923.jpg\" alt=\"\" class=\"wp-image-341\" srcset=\"https:\/\/cdtir49.fr\/wp-content\/uploads\/2025\/09\/IMG_6729-1024x923.jpg 1024w, https:\/\/cdtir49.fr\/wp-content\/uploads\/2025\/09\/IMG_6729-300x270.jpg 300w, https:\/\/cdtir49.fr\/wp-content\/uploads\/2025\/09\/IMG_6729.jpg 1284w\" sizes=\"auto, (max-width: 1024px) 100vw, 1024px\" \/><\/figure>\n<\/div>\n<\/div>\n<\/div>\n<\/div>\n\n\n\n<p><\/p>\n\n\n\n<p><\/p>\n\n\n\n<hr class=\"wp-block-separator has-alpha-channel-opacity is-style-wide\" style=\"margin-top:0;margin-bottom:0\"\/>\n\n\n\n<div class=\"wp-block-columns is-layout-flex wp-container-core-columns-is-layout-28f84493 wp-block-columns-is-layout-flex\">\n<div class=\"wp-block-column is-layout-flow wp-block-column-is-layout-flow\">\n<p><strong>Rechercher clubs Maine-et-Loire<\/strong><br><a href=\"http:\/\/cdtir49.fr\/?page_id=163\">Acad\u00e9mie de Tir AT2000<\/a><br><a href=\"http:\/\/cdtir49.fr\/?page_id=166\">Arma Vitruvio<\/a><br><a href=\"http:\/\/cdtir49.fr\/?page_id=168\">Association Sportive de Tierc\u00e9 Tir<\/a><br><a href=\"http:\/\/cdtir49.fr\/?page_id=170\">Association Sportive de Tir Durtalois<\/a><br><a href=\"http:\/\/cdtir49.fr\/?page_id=172\">ATS Angers<\/a><\/p>\n<\/div>\n\n\n\n<div class=\"wp-block-column is-layout-flow wp-block-column-is-layout-flow\">\n<p><br><a href=\"http:\/\/cdtir49.fr\/?page_id=174\">CDSAD &#8211; AG Tir Gros Calibre<\/a><br><a href=\"http:\/\/cdtir49.fr\/?page_id=176\">Cholet Tir Sportif<\/a><br><a href=\"http:\/\/cdtir49.fr\/?page_id=178\">Esp\u00e9rance Tir St-Laurent-de-la-Plaine<\/a><br><a href=\"http:\/\/cdtir49.fr\/?page_id=180\">Racing club Douessin Tir<\/a><br><a href=\"http:\/\/cdtir49.fr\/?page_id=182\">SSTAR<\/a><\/p>\n<\/div>\n<\/div>\n\n\n\n<p><\/p>\n","protected":false},"excerpt":{"rendered":"<p>Pr\u00e9sident : J\u00e9r\u00f4me JolyN\u00b0 club : 0549036 Stade MunicipalAvenue des Erables 49125 TIERC\u00c9 \u2709\ufe0f Email : astierce.tir@gmail.com\ud83d\udcde Tel. : 06 20 46 41 46Facebook : AST TirInstagram : @astierce.tir Pratiques :* 10m : carabine et pistolet, \u00e9cole de tir Horaires :Mardi 18h30-22hMercredi 18h30-22hVendredi 18h30-22h Rechercher clubs Maine-et-LoireAcad\u00e9mie de Tir AT2000Arma VitruvioAssociation Sportive de Tierc\u00e9 TirAssociation &hellip; <\/p>\n<p class=\"link-more\"><a href=\"https:\/\/cdtir49.fr\/?page_id=168\" class=\"more-link\">Read more<span class=\"screen-reader-text\"> &#8220;Association Sportive de Tierc\u00e9 Tir&#8221;<\/span><\/a><\/p>\n","protected":false},"author":1,"featured_media":0,"parent":45,"menu_order":0,"comment_status":"closed","ping_status":"closed","template":"","meta":{"footnotes":""},"class_list":["post-168","page","type-page","status-publish","hentry"],"_links":{"self":[{"href":"https:\/\/cdtir49.fr\/index.php?rest_route=\/wp\/v2\/pages\/168","targetHints":{"allow":["GET"]}}],"collection":[{"href":"https:\/\/cdtir49.fr\/index.php?rest_route=\/wp\/v2\/pages"}],"about":[{"href":"https:\/\/cdtir49.fr\/index.php?rest_route=\/wp\/v2\/types\/page"}],"author":[{"embeddable":true,"href":"https:\/\/cdtir49.fr\/index.php?rest_route=\/wp\/v2\/users\/1"}],"replies":[{"embeddable":true,"href":"https:\/\/cdtir49.fr\/index.php?rest_route=%2Fwp%2Fv2%2Fcomments&post=168"}],"version-history":[{"count":7,"href":"https:\/\/cdtir49.fr\/index.php?rest_route=\/wp\/v2\/pages\/168\/revisions"}],"predecessor-version":[{"id":356,"href":"https:\/\/cdtir49.fr\/index.php?rest_route=\/wp\/v2\/pages\/168\/revisions\/356"}],"up":[{"embeddable":true,"href":"https:\/\/cdtir49.fr\/index.php?rest_route=\/wp\/v2\/pages\/45"}],"wp:attachment":[{"href":"https:\/\/cdtir49.fr\/index.php?rest_route=%2Fwp%2Fv2%2Fmedia&parent=168"}],"curies":[{"name":"wp","href":"https:\/\/api.w.org\/{rel}","templated":true}]}}