{"id":174,"date":"2025-08-18T17:05:45","date_gmt":"2025-08-18T15:05:45","guid":{"rendered":"http:\/\/cdtir49.fr\/?page_id=174"},"modified":"2025-10-02T18:28:54","modified_gmt":"2025-10-02T16:28:54","slug":"cdsad-ag-tir-gros-calibre","status":"publish","type":"page","link":"https:\/\/cdtir49.fr\/?page_id=174","title":{"rendered":"CDSAD &#8211; AG Tir Gros Calibre"},"content":{"rendered":"\n<div class=\"wp-block-columns is-layout-flex wp-container-core-columns-is-layout-28f84493 wp-block-columns-is-layout-flex\">\n<div class=\"wp-block-column is-layout-flow wp-block-column-is-layout-flow\" style=\"flex-basis:66.66%\">\n<div class=\"wp-block-media-text is-stacked-on-mobile is-vertically-aligned-top\" style=\"grid-template-columns:17% auto\"><figure class=\"wp-block-media-text__media\"><img loading=\"lazy\" decoding=\"async\" width=\"90\" height=\"90\" src=\"http:\/\/cdtir49.fr\/wp-content\/uploads\/2025\/08\/cdsad-eg-tir-gros-calibre-22.jpg\" alt=\"\" class=\"wp-image-227 size-full\"\/><\/figure><div class=\"wp-block-media-text__content\">\n<p>Pr\u00e9sident : Jean-Phillipe ARTAUD<br>N\u00b0 club : 0549001<\/p>\n\n\n\n<p>106 rue Ebl\u00e9 <br>49041 ANGERS<\/p>\n\n\n\n<p>\u2709\ufe0f Email : clubtir1.eg@orange.fr<br>\ud83d\udcde T\u00e9l. : 02 41 24 83 50<\/p>\n\n\n\n<p>Armes de poing uniquement, 25M<br>Samedi 9h30-11h30 (sur acc\u00e8s autoris\u00e9)<\/p>\n<\/div><\/div>\n<\/div>\n\n\n\n<div class=\"wp-block-column is-layout-flow wp-block-column-is-layout-flow\" style=\"flex-basis:33.33%\">\n<p><\/p>\n<\/div>\n<\/div>\n\n\n\n<p><\/p>\n\n\n\n<p><\/p>\n\n\n\n<hr class=\"wp-block-separator has-alpha-channel-opacity is-style-wide\" style=\"margin-top:0;margin-bottom:0\"\/>\n\n\n\n<div class=\"wp-block-columns is-layout-flex wp-container-core-columns-is-layout-28f84493 wp-block-columns-is-layout-flex\">\n<div class=\"wp-block-column is-layout-flow wp-block-column-is-layout-flow\">\n<p><strong>Rechercher clubs Maine-et-Loire<\/strong><br><a href=\"http:\/\/cdtir49.fr\/?page_id=163\">Acad\u00e9mie de Tir AT2000<\/a><br><a href=\"http:\/\/cdtir49.fr\/?page_id=166\">Arma Vitruvio<\/a><br><a href=\"http:\/\/cdtir49.fr\/?page_id=168\">Association Sportive de Tierc\u00e9 Tir<\/a><br><a href=\"http:\/\/cdtir49.fr\/?page_id=170\">Association Sportive de Tir Durtalois<\/a><br><a href=\"http:\/\/cdtir49.fr\/?page_id=172\">ATS Angers<\/a><\/p>\n<\/div>\n\n\n\n<div class=\"wp-block-column is-layout-flow wp-block-column-is-layout-flow\">\n<p><br><a href=\"http:\/\/cdtir49.fr\/?page_id=174\">CDSAD &#8211; AG Tir Gros Calibre<\/a><br><a href=\"http:\/\/cdtir49.fr\/?page_id=176\">Cholet Tir Sportif<\/a><br><a href=\"http:\/\/cdtir49.fr\/?page_id=178\">Esp\u00e9rance Tir St-Laurent-de-la-Plaine<\/a><br><a href=\"http:\/\/cdtir49.fr\/?page_id=180\">Racing club Douessin Tir<\/a><br><a href=\"http:\/\/cdtir49.fr\/?page_id=182\">SSTAR<\/a><\/p>\n<\/div>\n<\/div>\n\n\n\n<p><\/p>\n\n\n\n<p><\/p>\n","protected":false},"excerpt":{"rendered":"<p>Pr\u00e9sident : Jean-Phillipe ARTAUDN\u00b0 club : 0549001 106 rue Ebl\u00e9 49041 ANGERS \u2709\ufe0f Email : clubtir1.eg@orange.fr\ud83d\udcde T\u00e9l. : 02 41 24 83 50 Armes de poing uniquement, 25MSamedi 9h30-11h30 (sur acc\u00e8s autoris\u00e9) Rechercher clubs Maine-et-LoireAcad\u00e9mie de Tir AT2000Arma VitruvioAssociation Sportive de Tierc\u00e9 TirAssociation Sportive de Tir DurtaloisATS Angers CDSAD &#8211; AG Tir Gros CalibreCholet Tir &hellip; <\/p>\n<p class=\"link-more\"><a href=\"https:\/\/cdtir49.fr\/?page_id=174\" class=\"more-link\">Read more<span class=\"screen-reader-text\"> &#8220;CDSAD &#8211; AG Tir Gros Calibre&#8221;<\/span><\/a><\/p>\n","protected":false},"author":1,"featured_media":0,"parent":45,"menu_order":0,"comment_status":"closed","ping_status":"closed","template":"","meta":{"footnotes":""},"class_list":["post-174","page","type-page","status-publish","hentry"],"_links":{"self":[{"href":"https:\/\/cdtir49.fr\/index.php?rest_route=\/wp\/v2\/pages\/174","targetHints":{"allow":["GET"]}}],"collection":[{"href":"https:\/\/cdtir49.fr\/index.php?rest_route=\/wp\/v2\/pages"}],"about":[{"href":"https:\/\/cdtir49.fr\/index.php?rest_route=\/wp\/v2\/types\/page"}],"author":[{"embeddable":true,"href":"https:\/\/cdtir49.fr\/index.php?rest_route=\/wp\/v2\/users\/1"}],"replies":[{"embeddable":true,"href":"https:\/\/cdtir49.fr\/index.php?rest_route=%2Fwp%2Fv2%2Fcomments&post=174"}],"version-history":[{"count":10,"href":"https:\/\/cdtir49.fr\/index.php?rest_route=\/wp\/v2\/pages\/174\/revisions"}],"predecessor-version":[{"id":358,"href":"https:\/\/cdtir49.fr\/index.php?rest_route=\/wp\/v2\/pages\/174\/revisions\/358"}],"up":[{"embeddable":true,"href":"https:\/\/cdtir49.fr\/index.php?rest_route=\/wp\/v2\/pages\/45"}],"wp:attachment":[{"href":"https:\/\/cdtir49.fr\/index.php?rest_route=%2Fwp%2Fv2%2Fmedia&parent=174"}],"curies":[{"name":"wp","href":"https:\/\/api.w.org\/{rel}","templated":true}]}}