{"id":178,"date":"2025-08-18T17:06:37","date_gmt":"2025-08-18T15:06:37","guid":{"rendered":"http:\/\/cdtir49.fr\/?page_id=178"},"modified":"2026-01-03T12:38:40","modified_gmt":"2026-01-03T11:38:40","slug":"esperance-tir-st-laurent-de-la-plaine","status":"publish","type":"page","link":"https:\/\/cdtir49.fr\/?page_id=178","title":{"rendered":"Esp\u00e9rance Tir St-Laurent-de-la-Plaine"},"content":{"rendered":"\n<div class=\"wp-block-columns is-layout-flex wp-container-core-columns-is-layout-28f84493 wp-block-columns-is-layout-flex\">\n<div class=\"wp-block-column is-layout-flow wp-block-column-is-layout-flow\" style=\"flex-basis:66.66%\">\n<div class=\"wp-block-media-text is-stacked-on-mobile is-vertically-aligned-top\" style=\"grid-template-columns:19% auto\"><figure class=\"wp-block-media-text__media\"><img loading=\"lazy\" decoding=\"async\" width=\"523\" height=\"600\" src=\"http:\/\/cdtir49.fr\/wp-content\/uploads\/2025\/08\/esperence-tir.jpg\" alt=\"\" class=\"wp-image-233 size-full\" srcset=\"https:\/\/cdtir49.fr\/wp-content\/uploads\/2025\/08\/esperence-tir.jpg 523w, https:\/\/cdtir49.fr\/wp-content\/uploads\/2025\/08\/esperence-tir-262x300.jpg 262w\" sizes=\"auto, (max-width: 523px) 100vw, 523px\" \/><\/figure><div class=\"wp-block-media-text__content\">\n<p>Pr\u00e9sident : Marie Trottier<br>N\u00b0 club : 0549016<\/p>\n\n\n\n<p>7 rue de la Carri\u00e8re <br>49290 SAINT-LAURENT DE LA PLAINE<\/p>\n\n\n\n<p>\u2709\ufe0f Email : contact@esperancetir.fr<br>\ud83d\udcde T\u00e9l. : 02 41 78 56 55<br>\ud83c\udf10 Site web : <a href=\"http:\/\/www.esperancetir.fr\">www.esperancetir.fr<\/a><br>Facebook : <a href=\"https:\/\/www.facebook.com\/p\/Esp%C3%A9rance-Tir-Saint-Laurent-100064352940649\/\">Esp\u00e9rance Tir Saint Laurent<\/a><\/p>\n\n\n\n<p><span style=\"text-decoration: underline;\">Pratiques<\/span> :<br>* 10 m\u00e8tres&nbsp;<br>* 25 m\u00e8tres<br>* 50 m\u00e8tres<br>* TAR&nbsp;<br>* \u00e9cole de tir<\/p>\n\n\n\n<p><span style=\"text-decoration: underline;\">Horaires<\/span> :&nbsp;<br>Mercredi 15h-18h<br>Samedi 15h-18h<br>Dimanche 9h-12h<\/p>\n\n\n\n<p><\/p>\n\n\n\n<figure class=\"wp-block-gallery has-nested-images columns-default is-cropped wp-block-gallery-1 is-layout-flex wp-block-gallery-is-layout-flex\">\n<figure class=\"wp-block-image size-large\"><img loading=\"lazy\" decoding=\"async\" width=\"640\" height=\"481\" data-id=\"323\" src=\"https:\/\/cdtir49.fr\/wp-content\/uploads\/2025\/09\/thumbnail_48d01f06-2839-47b9-9f70-0bee5f1f02ba-2.jpg\" alt=\"\" class=\"wp-image-323\" srcset=\"https:\/\/cdtir49.fr\/wp-content\/uploads\/2025\/09\/thumbnail_48d01f06-2839-47b9-9f70-0bee5f1f02ba-2.jpg 640w, https:\/\/cdtir49.fr\/wp-content\/uploads\/2025\/09\/thumbnail_48d01f06-2839-47b9-9f70-0bee5f1f02ba-2-300x225.jpg 300w\" sizes=\"auto, (max-width: 640px) 100vw, 640px\" \/><\/figure>\n\n\n\n<figure class=\"wp-block-image size-large\"><img loading=\"lazy\" decoding=\"async\" width=\"768\" height=\"1024\" data-id=\"324\" src=\"https:\/\/cdtir49.fr\/wp-content\/uploads\/2025\/09\/6a469bb6-a233-4e39-9126-fd8148aa5917-1-768x1024.jpg\" alt=\"\" class=\"wp-image-324\" srcset=\"https:\/\/cdtir49.fr\/wp-content\/uploads\/2025\/09\/6a469bb6-a233-4e39-9126-fd8148aa5917-1-768x1024.jpg 768w, https:\/\/cdtir49.fr\/wp-content\/uploads\/2025\/09\/6a469bb6-a233-4e39-9126-fd8148aa5917-1-225x300.jpg 225w, https:\/\/cdtir49.fr\/wp-content\/uploads\/2025\/09\/6a469bb6-a233-4e39-9126-fd8148aa5917-1.jpg 1200w\" sizes=\"auto, (max-width: 768px) 100vw, 768px\" \/><\/figure>\n\n\n\n<figure class=\"wp-block-image size-large\"><img loading=\"lazy\" decoding=\"async\" width=\"480\" height=\"640\" data-id=\"325\" src=\"https:\/\/cdtir49.fr\/wp-content\/uploads\/2025\/09\/thumbnail_f55c54eb-571c-45ee-876d-c4d94c7844f8-1.jpg\" alt=\"\" class=\"wp-image-325\" srcset=\"https:\/\/cdtir49.fr\/wp-content\/uploads\/2025\/09\/thumbnail_f55c54eb-571c-45ee-876d-c4d94c7844f8-1.jpg 480w, https:\/\/cdtir49.fr\/wp-content\/uploads\/2025\/09\/thumbnail_f55c54eb-571c-45ee-876d-c4d94c7844f8-1-225x300.jpg 225w\" sizes=\"auto, (max-width: 480px) 100vw, 480px\" \/><\/figure>\n<\/figure>\n<\/div><\/div>\n<\/div>\n\n\n\n<div class=\"wp-block-column is-layout-flow wp-block-column-is-layout-flow\" style=\"flex-basis:33.33%\">\n<div class=\"wp-block-columns is-layout-flex wp-container-core-columns-is-layout-28f84493 wp-block-columns-is-layout-flex\">\n<div class=\"wp-block-column is-layout-flow wp-block-column-is-layout-flow\">\n<figure class=\"wp-block-image size-large is-resized\"><img loading=\"lazy\" decoding=\"async\" width=\"724\" height=\"1024\" src=\"https:\/\/cdtir49.fr\/wp-content\/uploads\/2026\/01\/porte-ouverte-esperence-tir_page-0001-1-724x1024.jpg\" alt=\"\" class=\"wp-image-543\" style=\"aspect-ratio:0.7070471589472798;width:374px;height:auto\" srcset=\"https:\/\/cdtir49.fr\/wp-content\/uploads\/2026\/01\/porte-ouverte-esperence-tir_page-0001-1-724x1024.jpg 724w, https:\/\/cdtir49.fr\/wp-content\/uploads\/2026\/01\/porte-ouverte-esperence-tir_page-0001-1-212x300.jpg 212w, https:\/\/cdtir49.fr\/wp-content\/uploads\/2026\/01\/porte-ouverte-esperence-tir_page-0001-1.jpg 1755w\" sizes=\"auto, (max-width: 724px) 100vw, 724px\" \/><\/figure>\n<\/div>\n<\/div>\n\n\n\n<div class=\"wp-block-columns is-layout-flex wp-container-core-columns-is-layout-28f84493 wp-block-columns-is-layout-flex\">\n<div class=\"wp-block-column is-layout-flow wp-block-column-is-layout-flow\"><\/div>\n\n\n\n<div class=\"wp-block-column is-layout-flow wp-block-column-is-layout-flow\"><\/div>\n<\/div>\n\n\n\n<figure class=\"wp-block-gallery has-nested-images columns-default is-cropped wp-block-gallery-2 is-layout-flex wp-block-gallery-is-layout-flex\">\n<figure class=\"wp-block-image size-large\"><img loading=\"lazy\" decoding=\"async\" width=\"360\" height=\"640\" data-id=\"327\" src=\"https:\/\/cdtir49.fr\/wp-content\/uploads\/2025\/09\/thumbnail_IMG_4287.jpg\" alt=\"\" class=\"wp-image-327\" srcset=\"https:\/\/cdtir49.fr\/wp-content\/uploads\/2025\/09\/thumbnail_IMG_4287.jpg 360w, https:\/\/cdtir49.fr\/wp-content\/uploads\/2025\/09\/thumbnail_IMG_4287-169x300.jpg 169w\" sizes=\"auto, (max-width: 360px) 100vw, 360px\" \/><\/figure>\n\n\n\n<figure class=\"wp-block-image size-large\"><img loading=\"lazy\" decoding=\"async\" width=\"360\" height=\"640\" data-id=\"326\" src=\"https:\/\/cdtir49.fr\/wp-content\/uploads\/2025\/09\/thumbnail_IMG_4295.jpg\" alt=\"\" class=\"wp-image-326\" srcset=\"https:\/\/cdtir49.fr\/wp-content\/uploads\/2025\/09\/thumbnail_IMG_4295.jpg 360w, https:\/\/cdtir49.fr\/wp-content\/uploads\/2025\/09\/thumbnail_IMG_4295-169x300.jpg 169w\" sizes=\"auto, (max-width: 360px) 100vw, 360px\" \/><\/figure>\n<\/figure>\n<\/div>\n<\/div>\n\n\n\n<p><\/p>\n\n\n\n<p><\/p>\n\n\n\n<hr class=\"wp-block-separator has-alpha-channel-opacity is-style-wide\" style=\"margin-top:0;margin-bottom:0\"\/>\n\n\n\n<div class=\"wp-block-columns is-layout-flex wp-container-core-columns-is-layout-28f84493 wp-block-columns-is-layout-flex\">\n<div class=\"wp-block-column is-layout-flow wp-block-column-is-layout-flow\">\n<p><strong>Rechercher clubs Maine-et-Loire<\/strong><br><a href=\"http:\/\/cdtir49.fr\/?page_id=163\">Acad\u00e9mie de Tir AT2000<\/a><br><a href=\"http:\/\/cdtir49.fr\/?page_id=166\">Arma Vitruvio<\/a><br><a href=\"http:\/\/cdtir49.fr\/?page_id=168\">Association Sportive de Tierc\u00e9 Tir<\/a><br><a href=\"http:\/\/cdtir49.fr\/?page_id=170\">Association Sportive de Tir Durtalois<\/a><br><a href=\"http:\/\/cdtir49.fr\/?page_id=172\">ATS Angers<\/a><\/p>\n<\/div>\n\n\n\n<div class=\"wp-block-column is-layout-flow wp-block-column-is-layout-flow\">\n<p><br><a href=\"http:\/\/cdtir49.fr\/?page_id=174\">CDSAD &#8211; AG Tir Gros Calibre<\/a><br><a href=\"http:\/\/cdtir49.fr\/?page_id=176\">Cholet Tir Sportif<\/a><br><a href=\"http:\/\/cdtir49.fr\/?page_id=178\">Esp\u00e9rance Tir St-Laurent-de-la-Plaine<\/a><br><a href=\"http:\/\/cdtir49.fr\/?page_id=180\">Racing club Douessin Tir<\/a><br><a href=\"http:\/\/cdtir49.fr\/?page_id=182\">SSTAR<\/a><\/p>\n<\/div>\n<\/div>\n\n\n\n<p><\/p>\n","protected":false},"excerpt":{"rendered":"<p>Pr\u00e9sident : Marie TrottierN\u00b0 club : 0549016 7 rue de la Carri\u00e8re 49290 SAINT-LAURENT DE LA PLAINE \u2709\ufe0f Email : contact@esperancetir.fr\ud83d\udcde T\u00e9l. : 02 41 78 56 55\ud83c\udf10 Site web : www.esperancetir.frFacebook : Esp\u00e9rance Tir Saint Laurent Pratiques :* 10 m\u00e8tres&nbsp;* 25 m\u00e8tres* 50 m\u00e8tres* TAR&nbsp;* \u00e9cole de tir Horaires :&nbsp;Mercredi 15h-18hSamedi 15h-18hDimanche 9h-12h Rechercher &hellip; <\/p>\n<p class=\"link-more\"><a href=\"https:\/\/cdtir49.fr\/?page_id=178\" class=\"more-link\">Read more<span class=\"screen-reader-text\"> &#8220;Esp\u00e9rance Tir St-Laurent-de-la-Plaine&#8221;<\/span><\/a><\/p>\n","protected":false},"author":1,"featured_media":0,"parent":45,"menu_order":0,"comment_status":"closed","ping_status":"closed","template":"","meta":{"footnotes":""},"class_list":["post-178","page","type-page","status-publish","hentry"],"_links":{"self":[{"href":"https:\/\/cdtir49.fr\/index.php?rest_route=\/wp\/v2\/pages\/178","targetHints":{"allow":["GET"]}}],"collection":[{"href":"https:\/\/cdtir49.fr\/index.php?rest_route=\/wp\/v2\/pages"}],"about":[{"href":"https:\/\/cdtir49.fr\/index.php?rest_route=\/wp\/v2\/types\/page"}],"author":[{"embeddable":true,"href":"https:\/\/cdtir49.fr\/index.php?rest_route=\/wp\/v2\/users\/1"}],"replies":[{"embeddable":true,"href":"https:\/\/cdtir49.fr\/index.php?rest_route=%2Fwp%2Fv2%2Fcomments&post=178"}],"version-history":[{"count":11,"href":"https:\/\/cdtir49.fr\/index.php?rest_route=\/wp\/v2\/pages\/178\/revisions"}],"predecessor-version":[{"id":547,"href":"https:\/\/cdtir49.fr\/index.php?rest_route=\/wp\/v2\/pages\/178\/revisions\/547"}],"up":[{"embeddable":true,"href":"https:\/\/cdtir49.fr\/index.php?rest_route=\/wp\/v2\/pages\/45"}],"wp:attachment":[{"href":"https:\/\/cdtir49.fr\/index.php?rest_route=%2Fwp%2Fv2%2Fmedia&parent=178"}],"curies":[{"name":"wp","href":"https:\/\/api.w.org\/{rel}","templated":true}]}}