{"id":180,"date":"2025-08-18T17:07:05","date_gmt":"2025-08-18T15:07:05","guid":{"rendered":"http:\/\/cdtir49.fr\/?page_id=180"},"modified":"2025-10-02T18:24:10","modified_gmt":"2025-10-02T16:24:10","slug":"racing-club-douessin-tir","status":"publish","type":"page","link":"https:\/\/cdtir49.fr\/?page_id=180","title":{"rendered":"Racing club Douessin Tir"},"content":{"rendered":"\n<div class=\"wp-block-columns is-layout-flex wp-container-core-columns-is-layout-28f84493 wp-block-columns-is-layout-flex\">\n<div class=\"wp-block-column is-layout-flow wp-block-column-is-layout-flow\" style=\"flex-basis:66.66%\">\n<div class=\"wp-block-media-text is-stacked-on-mobile is-vertically-aligned-top\" style=\"grid-template-columns:17% auto\"><figure class=\"wp-block-media-text__media\"><img loading=\"lazy\" decoding=\"async\" width=\"1024\" height=\"1024\" src=\"http:\/\/cdtir49.fr\/wp-content\/uploads\/2025\/08\/doue-1024x1024.jpg\" alt=\"\" class=\"wp-image-236 size-full\" srcset=\"https:\/\/cdtir49.fr\/wp-content\/uploads\/2025\/08\/doue-1024x1024.jpg 1024w, https:\/\/cdtir49.fr\/wp-content\/uploads\/2025\/08\/doue-300x300.jpg 300w, https:\/\/cdtir49.fr\/wp-content\/uploads\/2025\/08\/doue-150x150.jpg 150w, https:\/\/cdtir49.fr\/wp-content\/uploads\/2025\/08\/doue.jpg 1330w\" sizes=\"auto, (max-width: 1024px) 100vw, 1024px\" \/><\/figure><div class=\"wp-block-media-text__content\">\n<p>Pr\u00e9sident : Herv\u00e9 Li\u00e8vre<br>N\u00b0 club : 0549200<\/p>\n\n\n\n<p>Les Epinettes <br>49260 LE VAUDELNAY<\/p>\n\n\n\n<p>\u2709\ufe0f Email : racingclubtirdouessin@gmail.com<br>\ud83d\udcde T\u00e9l. : 06 86 37 93 69<br>\ud83c\udf10 Site web : <a href=\"https:\/\/www.rcdt.fr\/\">https:\/\/www.rcdt.fr\/<\/a><br>Facebook : <a href=\"https:\/\/www.facebook.com\/RCTDtir\/?locale=hi_IN\">Racing club de tir douessin<\/a><br>Instagram : <a href=\"https:\/\/www.instagram.com\/racingclubdetir\/\">@racingclubdetir<\/a><\/p>\n\n\n\n<p><span style=\"text-decoration: underline;\">Pratiques<\/span> :<br>* Tir \u00e0 la carabine : 10 m, 25 m, 50 m, 100 et 200 m<br>* Tir au pistolet : 10 m, 25 m, 50 m<br>* TAR, Armes Anciennes, Rimfire<br>* Initiation jeunes et adultes<\/p>\n\n\n\n<p><span style=\"text-decoration: underline;\">Horaires<\/span> des permanences :\u00a0<br>Mardi : 20h \u2013 21h30 (jeunes adultes)<br>Mercredi : 14h \u2013 17h30<br>Samedi : 10h \u2013 12h30 (r\u00e9serv\u00e9 aux comp\u00e9titeurs, formation armes anciennes, formations tir carabine)<br>Samedi : 14h \u2013 17h30<br>Dimanche : 10h \u2013 12h30<\/p>\n\n\n\n<p>Cr\u00e9\u00e9 en 1980, le Racing Club Tir Douessin met un point d\u2019honneur \u00e0 allier s\u00e9curit\u00e9 et convivialit\u00e9.<\/p>\n<\/div><\/div>\n<\/div>\n\n\n\n<div class=\"wp-block-column is-layout-flow wp-block-column-is-layout-flow\" style=\"flex-basis:33.33%\">\n<div class=\"wp-block-columns is-layout-flex wp-container-core-columns-is-layout-28f84493 wp-block-columns-is-layout-flex\">\n<div class=\"wp-block-column is-layout-flow wp-block-column-is-layout-flow\">\n<figure class=\"wp-block-image size-large\"><img loading=\"lazy\" decoding=\"async\" width=\"1024\" height=\"682\" src=\"http:\/\/cdtir49.fr\/wp-content\/uploads\/2025\/10\/6a36fff0-a5f6-4600-9b59-8513cb427219-1024x682.jpg\" alt=\"\" class=\"wp-image-344\" srcset=\"https:\/\/cdtir49.fr\/wp-content\/uploads\/2025\/10\/6a36fff0-a5f6-4600-9b59-8513cb427219-1024x682.jpg 1024w, https:\/\/cdtir49.fr\/wp-content\/uploads\/2025\/10\/6a36fff0-a5f6-4600-9b59-8513cb427219-300x200.jpg 300w, https:\/\/cdtir49.fr\/wp-content\/uploads\/2025\/10\/6a36fff0-a5f6-4600-9b59-8513cb427219-2000x1332.jpg 2000w, https:\/\/cdtir49.fr\/wp-content\/uploads\/2025\/10\/6a36fff0-a5f6-4600-9b59-8513cb427219.jpg 2048w\" sizes=\"auto, (max-width: 1024px) 100vw, 1024px\" \/><\/figure>\n<\/div>\n<\/div>\n\n\n\n<div class=\"wp-block-columns is-layout-flex wp-container-core-columns-is-layout-28f84493 wp-block-columns-is-layout-flex\">\n<div class=\"wp-block-column is-layout-flow wp-block-column-is-layout-flow\">\n<figure class=\"wp-block-image size-large\"><img loading=\"lazy\" decoding=\"async\" width=\"1024\" height=\"768\" src=\"http:\/\/cdtir49.fr\/wp-content\/uploads\/2025\/10\/OUGY4496-1024x768.jpg\" alt=\"\" class=\"wp-image-347\" srcset=\"https:\/\/cdtir49.fr\/wp-content\/uploads\/2025\/10\/OUGY4496-1024x768.jpg 1024w, https:\/\/cdtir49.fr\/wp-content\/uploads\/2025\/10\/OUGY4496-300x225.jpg 300w, https:\/\/cdtir49.fr\/wp-content\/uploads\/2025\/10\/OUGY4496.jpg 1600w\" sizes=\"auto, (max-width: 1024px) 100vw, 1024px\" \/><\/figure>\n\n\n\n<figure class=\"wp-block-image size-large\"><img loading=\"lazy\" decoding=\"async\" width=\"1200\" height=\"800\" src=\"http:\/\/cdtir49.fr\/wp-content\/uploads\/2025\/10\/2bed2ac8-99e9-4941-ac57-036d5a8d9af8-1-edited.jpg\" alt=\"\" class=\"wp-image-351\" srcset=\"https:\/\/cdtir49.fr\/wp-content\/uploads\/2025\/10\/2bed2ac8-99e9-4941-ac57-036d5a8d9af8-1-edited.jpg 1200w, https:\/\/cdtir49.fr\/wp-content\/uploads\/2025\/10\/2bed2ac8-99e9-4941-ac57-036d5a8d9af8-1-edited-300x200.jpg 300w, https:\/\/cdtir49.fr\/wp-content\/uploads\/2025\/10\/2bed2ac8-99e9-4941-ac57-036d5a8d9af8-1-edited-1024x683.jpg 1024w\" sizes=\"auto, (max-width: 1200px) 100vw, 1200px\" \/><\/figure>\n<\/div>\n\n\n\n<div class=\"wp-block-column is-layout-flow wp-block-column-is-layout-flow\">\n<figure class=\"wp-block-image size-large\"><img loading=\"lazy\" decoding=\"async\" width=\"1024\" height=\"512\" src=\"http:\/\/cdtir49.fr\/wp-content\/uploads\/2025\/10\/68c64541-cdf1-4622-9e31-abd0250aa188-1024x512.jpg\" alt=\"\" class=\"wp-image-348\" srcset=\"https:\/\/cdtir49.fr\/wp-content\/uploads\/2025\/10\/68c64541-cdf1-4622-9e31-abd0250aa188-1024x512.jpg 1024w, https:\/\/cdtir49.fr\/wp-content\/uploads\/2025\/10\/68c64541-cdf1-4622-9e31-abd0250aa188-300x150.jpg 300w, https:\/\/cdtir49.fr\/wp-content\/uploads\/2025\/10\/68c64541-cdf1-4622-9e31-abd0250aa188-2000x1000.jpg 2000w, https:\/\/cdtir49.fr\/wp-content\/uploads\/2025\/10\/68c64541-cdf1-4622-9e31-abd0250aa188.jpg 2048w\" sizes=\"auto, (max-width: 1024px) 100vw, 1024px\" \/><\/figure>\n\n\n\n<figure class=\"wp-block-image size-large\"><img loading=\"lazy\" decoding=\"async\" width=\"768\" height=\"1024\" src=\"http:\/\/cdtir49.fr\/wp-content\/uploads\/2025\/10\/fedf5bcc-1960-4dd9-9b86-5a750ed39744-768x1024.jpg\" alt=\"\" class=\"wp-image-349\" srcset=\"https:\/\/cdtir49.fr\/wp-content\/uploads\/2025\/10\/fedf5bcc-1960-4dd9-9b86-5a750ed39744-768x1024.jpg 768w, https:\/\/cdtir49.fr\/wp-content\/uploads\/2025\/10\/fedf5bcc-1960-4dd9-9b86-5a750ed39744-225x300.jpg 225w, https:\/\/cdtir49.fr\/wp-content\/uploads\/2025\/10\/fedf5bcc-1960-4dd9-9b86-5a750ed39744.jpg 1200w\" sizes=\"auto, (max-width: 768px) 100vw, 768px\" \/><\/figure>\n<\/div>\n<\/div>\n<\/div>\n<\/div>\n\n\n\n<p><\/p>\n\n\n\n<p><\/p>\n\n\n\n<hr class=\"wp-block-separator has-alpha-channel-opacity is-style-wide\" style=\"margin-top:0;margin-bottom:0\"\/>\n\n\n\n<div class=\"wp-block-columns is-layout-flex wp-container-core-columns-is-layout-28f84493 wp-block-columns-is-layout-flex\">\n<div class=\"wp-block-column is-layout-flow wp-block-column-is-layout-flow\">\n<p><strong>Rechercher clubs Maine-et-Loire<\/strong><br><a href=\"http:\/\/cdtir49.fr\/?page_id=163\">Acad\u00e9mie de Tir AT2000<\/a><br><a href=\"http:\/\/cdtir49.fr\/?page_id=166\">Arma Vitruvio<\/a><br><a href=\"http:\/\/cdtir49.fr\/?page_id=168\">Association Sportive de Tierc\u00e9 Tir<\/a><br><a href=\"http:\/\/cdtir49.fr\/?page_id=170\">Association Sportive de Tir Durtalois<\/a><br><a href=\"http:\/\/cdtir49.fr\/?page_id=172\">ATS Angers<\/a><\/p>\n<\/div>\n\n\n\n<div class=\"wp-block-column is-layout-flow wp-block-column-is-layout-flow\">\n<p><br><a href=\"http:\/\/cdtir49.fr\/?page_id=174\">CDSAD &#8211; AG Tir Gros Calibre<\/a><br><a href=\"http:\/\/cdtir49.fr\/?page_id=176\">Cholet Tir Sportif<\/a><br><a href=\"http:\/\/cdtir49.fr\/?page_id=178\">Esp\u00e9rance Tir St-Laurent-de-la-Plaine<\/a><br><a href=\"http:\/\/cdtir49.fr\/?page_id=180\">Racing club Douessin Tir<\/a><br><a href=\"http:\/\/cdtir49.fr\/?page_id=182\">SSTAR<\/a><\/p>\n<\/div>\n<\/div>\n\n\n\n<p><\/p>\n","protected":false},"excerpt":{"rendered":"<p>Pr\u00e9sident : Herv\u00e9 Li\u00e8vreN\u00b0 club : 0549200 Les Epinettes 49260 LE VAUDELNAY \u2709\ufe0f Email : racingclubtirdouessin@gmail.com\ud83d\udcde T\u00e9l. : 06 86 37 93 69\ud83c\udf10 Site web : https:\/\/www.rcdt.fr\/Facebook : Racing club de tir douessinInstagram : @racingclubdetir Pratiques :* Tir \u00e0 la carabine : 10 m, 25 m, 50 m, 100 et 200 m* Tir au pistolet &hellip; <\/p>\n<p class=\"link-more\"><a href=\"https:\/\/cdtir49.fr\/?page_id=180\" class=\"more-link\">Read more<span class=\"screen-reader-text\"> &#8220;Racing club Douessin Tir&#8221;<\/span><\/a><\/p>\n","protected":false},"author":1,"featured_media":0,"parent":45,"menu_order":0,"comment_status":"closed","ping_status":"closed","template":"","meta":{"footnotes":""},"class_list":["post-180","page","type-page","status-publish","hentry"],"_links":{"self":[{"href":"https:\/\/cdtir49.fr\/index.php?rest_route=\/wp\/v2\/pages\/180","targetHints":{"allow":["GET"]}}],"collection":[{"href":"https:\/\/cdtir49.fr\/index.php?rest_route=\/wp\/v2\/pages"}],"about":[{"href":"https:\/\/cdtir49.fr\/index.php?rest_route=\/wp\/v2\/types\/page"}],"author":[{"embeddable":true,"href":"https:\/\/cdtir49.fr\/index.php?rest_route=\/wp\/v2\/users\/1"}],"replies":[{"embeddable":true,"href":"https:\/\/cdtir49.fr\/index.php?rest_route=%2Fwp%2Fv2%2Fcomments&post=180"}],"version-history":[{"count":5,"href":"https:\/\/cdtir49.fr\/index.php?rest_route=\/wp\/v2\/pages\/180\/revisions"}],"predecessor-version":[{"id":352,"href":"https:\/\/cdtir49.fr\/index.php?rest_route=\/wp\/v2\/pages\/180\/revisions\/352"}],"up":[{"embeddable":true,"href":"https:\/\/cdtir49.fr\/index.php?rest_route=\/wp\/v2\/pages\/45"}],"wp:attachment":[{"href":"https:\/\/cdtir49.fr\/index.php?rest_route=%2Fwp%2Fv2%2Fmedia&parent=180"}],"curies":[{"name":"wp","href":"https:\/\/api.w.org\/{rel}","templated":true}]}}