{"id":2,"date":"2025-08-11T13:22:40","date_gmt":"2025-08-11T13:22:40","guid":{"rendered":"http:\/\/cdtir49.fr\/?page_id=2"},"modified":"2025-11-25T17:22:30","modified_gmt":"2025-11-25T16:22:30","slug":"formations","status":"publish","type":"page","link":"https:\/\/cdtir49.fr\/?page_id=2","title":{"rendered":"Formations"},"content":{"rendered":"\n<p>BFJE, CAC, animateur, initiateur, arbitrage, formez-vous en tir sportif !<\/p>\n\n\n\n<hr class=\"wp-block-separator has-alpha-channel-opacity\"\/>\n\n\n\n<p><strong>Formations CAC &#8211; Capacit\u00e9 \u00e0 Accueillir et Conseiller <\/strong><br>Ouverture de la session Maine-et-Loire<\/p>\n\n\n\n<p>Lundi 26 janvier 2026&nbsp;: Vid\u00e9o<br>Samedi 21 f\u00e9vrier 2026 : \u00bd journ\u00e9e formation \u2013 Dou\u00e9 en Anjou<\/p>\n\n\n\n<p>Vous pouvez d\u00e8s \u00e0 pr\u00e9sent inscrire vos b\u00e9n\u00e9voles, <a href=\"https:\/\/cdtir49.fr\/wp-content\/uploads\/2025\/11\/F_Inscription_CAC49-2025-2026.pdf\" data-type=\"attachment\" data-id=\"483\">formulaire \u00e0 t\u00e9l\u00e9charger ici<\/a><br>Pour m\u00e9mo sur cette formation CAC, les candidats du Maine-et-Loire sont prioritaires, les candidats des autres d\u00e9partements seront accept\u00e9s s&#8217;il reste des places.<\/p>\n\n\n\n<p><\/p>\n\n\n\n<hr class=\"wp-block-separator has-alpha-channel-opacity\"\/>\n\n\n\n<p><a href=\"https:\/\/www.tirpaysdelaloire.fr\/intervenants-ligue---9-57.html\">Cliquez ici pour d\u00e9couvrir toutes les formations de la ligue Pays de la Loire.<\/a><br><a href=\"https:\/\/www.fftir.org\/plan-national-de-formation\/\">Et d\u00e9couvrez les formations nationales.<\/a><\/p>\n\n\n\n<p><\/p>\n","protected":false},"excerpt":{"rendered":"<p>BFJE, CAC, animateur, initiateur, arbitrage, formez-vous en tir sportif ! Formations CAC &#8211; Capacit\u00e9 \u00e0 Accueillir et Conseiller Ouverture de la session Maine-et-Loire Lundi 26 janvier 2026&nbsp;: Vid\u00e9oSamedi 21 f\u00e9vrier 2026 : \u00bd journ\u00e9e formation \u2013 Dou\u00e9 en Anjou Vous pouvez d\u00e8s \u00e0 pr\u00e9sent inscrire vos b\u00e9n\u00e9voles, formulaire \u00e0 t\u00e9l\u00e9charger iciPour m\u00e9mo sur cette formation &hellip; <\/p>\n<p class=\"link-more\"><a href=\"https:\/\/cdtir49.fr\/?page_id=2\" class=\"more-link\">Read more<span class=\"screen-reader-text\"> &#8220;Formations&#8221;<\/span><\/a><\/p>\n","protected":false},"author":1,"featured_media":0,"parent":0,"menu_order":0,"comment_status":"closed","ping_status":"closed","template":"","meta":{"footnotes":""},"class_list":["post-2","page","type-page","status-publish","hentry"],"_links":{"self":[{"href":"https:\/\/cdtir49.fr\/index.php?rest_route=\/wp\/v2\/pages\/2","targetHints":{"allow":["GET"]}}],"collection":[{"href":"https:\/\/cdtir49.fr\/index.php?rest_route=\/wp\/v2\/pages"}],"about":[{"href":"https:\/\/cdtir49.fr\/index.php?rest_route=\/wp\/v2\/types\/page"}],"author":[{"embeddable":true,"href":"https:\/\/cdtir49.fr\/index.php?rest_route=\/wp\/v2\/users\/1"}],"replies":[{"embeddable":true,"href":"https:\/\/cdtir49.fr\/index.php?rest_route=%2Fwp%2Fv2%2Fcomments&post=2"}],"version-history":[{"count":9,"href":"https:\/\/cdtir49.fr\/index.php?rest_route=\/wp\/v2\/pages\/2\/revisions"}],"predecessor-version":[{"id":484,"href":"https:\/\/cdtir49.fr\/index.php?rest_route=\/wp\/v2\/pages\/2\/revisions\/484"}],"wp:attachment":[{"href":"https:\/\/cdtir49.fr\/index.php?rest_route=%2Fwp%2Fv2%2Fmedia&parent=2"}],"curies":[{"name":"wp","href":"https:\/\/api.w.org\/{rel}","templated":true}]}}