{"id":295,"date":"2025-09-17T15:41:32","date_gmt":"2025-09-17T13:41:32","guid":{"rendered":"http:\/\/cdtir49.fr\/?page_id=295"},"modified":"2026-03-08T22:50:50","modified_gmt":"2026-03-08T21:50:50","slug":"saison-2025-2026","status":"publish","type":"page","link":"https:\/\/cdtir49.fr\/?page_id=295","title":{"rendered":"Saison 2025\/2026"},"content":{"rendered":"\n<ul class=\"wp-block-list\">\n<li><strong>Championnat D\u00e9partemental 10m<\/strong><\/li>\n<\/ul>\n\n\n\n<p>S&#8217;est d\u00e9roul\u00e9 les 15 &amp; 16 novembre 2025 \u00e0 Saumur<br>Retrouvez les palmar\u00e8s : <a href=\"https:\/\/cdtir49.fr\/wp-content\/uploads\/2025\/11\/25-26-CDTir-49-Deptx-10m-Palmares-Individuel.pdf\" data-type=\"attachment\" data-id=\"462\">individuel <\/a>\u2022 <a href=\"https:\/\/cdtir49.fr\/wp-content\/uploads\/2025\/11\/25-26-CDTir-49-Deptx-10m-Palmares-Equipes.pdf\" data-type=\"attachment\" data-id=\"461\">\u00e9quipe<\/a><\/p>\n\n\n\n<div class=\"wp-block-buttons is-layout-flex wp-block-buttons-is-layout-flex\">\n<div class=\"wp-block-button\"><a class=\"wp-block-button__link wp-element-button\" href=\"https:\/\/cdtir49.fr\/wp-content\/uploads\/2025\/12\/Photos-Dep.-10m.zip\">T\u00e9l\u00e9charger les photos<\/a><\/div>\n<\/div>\n\n\n\n<p><\/p>\n\n\n\n<ul class=\"wp-block-list\">\n<li><strong>Championnat D\u00e9partemental Clubs<\/strong><\/li>\n<\/ul>\n\n\n\n<p>S&#8217;est d\u00e9roule les 10 &amp; 11 janvier 2026 \u00e0 Tierc\u00e9<br>Retrouvez le <a href=\"https:\/\/cdtir49.fr\/wp-content\/uploads\/2026\/01\/Palmares.pdf\" data-type=\"attachment\" data-id=\"552\">palmar\u00e8s<\/a><\/p>\n\n\n\n<div class=\"wp-block-buttons is-layout-flex wp-block-buttons-is-layout-flex\">\n<div class=\"wp-block-button\"><a class=\"wp-block-button__link wp-element-button\" href=\"https:\/\/cdtir49.fr\/wp-content\/uploads\/2026\/01\/Photos.zip\">T\u00e9l\u00e9charger les photos<\/a><\/div>\n<\/div>\n\n\n\n<p><\/p>\n\n\n\n<ul class=\"wp-block-list\">\n<li>Championnat D\u00e9partemental \u00c9cole de Tir<\/li>\n<\/ul>\n\n\n\n<p>S&#8217;est d\u00e9roul\u00e9 les 28 f\u00e9vrier et 1 mars \u00e0 Saint-Laurent-de-la-Plaine<br>Retrouvez les palmar\u00e8s : <a href=\"https:\/\/cdtir49.fr\/wp-content\/uploads\/2026\/03\/Deptx-EDT-10m-Palmares-Individuel.pdf\" data-type=\"attachment\" data-id=\"571\">individuel<\/a> \u2022 <a href=\"https:\/\/cdtir49.fr\/wp-content\/uploads\/2026\/03\/Deptx-EDT-10m-Palmares-Equipes.pdf\" data-type=\"attachment\" data-id=\"570\">\u00e9quipe<\/a><\/p>\n","protected":false},"excerpt":{"rendered":"<p>S&#8217;est d\u00e9roul\u00e9 les 15 &amp; 16 novembre 2025 \u00e0 SaumurRetrouvez les palmar\u00e8s : individuel \u2022 \u00e9quipe S&#8217;est d\u00e9roule les 10 &amp; 11 janvier 2026 \u00e0 Tierc\u00e9Retrouvez le palmar\u00e8s S&#8217;est d\u00e9roul\u00e9 les 28 f\u00e9vrier et 1 mars \u00e0 Saint-Laurent-de-la-PlaineRetrouvez les palmar\u00e8s : individuel \u2022 \u00e9quipe<\/p>\n","protected":false},"author":1,"featured_media":0,"parent":47,"menu_order":0,"comment_status":"closed","ping_status":"closed","template":"","meta":{"footnotes":""},"class_list":["post-295","page","type-page","status-publish","hentry"],"_links":{"self":[{"href":"https:\/\/cdtir49.fr\/index.php?rest_route=\/wp\/v2\/pages\/295","targetHints":{"allow":["GET"]}}],"collection":[{"href":"https:\/\/cdtir49.fr\/index.php?rest_route=\/wp\/v2\/pages"}],"about":[{"href":"https:\/\/cdtir49.fr\/index.php?rest_route=\/wp\/v2\/types\/page"}],"author":[{"embeddable":true,"href":"https:\/\/cdtir49.fr\/index.php?rest_route=\/wp\/v2\/users\/1"}],"replies":[{"embeddable":true,"href":"https:\/\/cdtir49.fr\/index.php?rest_route=%2Fwp%2Fv2%2Fcomments&post=295"}],"version-history":[{"count":8,"href":"https:\/\/cdtir49.fr\/index.php?rest_route=\/wp\/v2\/pages\/295\/revisions"}],"predecessor-version":[{"id":583,"href":"https:\/\/cdtir49.fr\/index.php?rest_route=\/wp\/v2\/pages\/295\/revisions\/583"}],"up":[{"embeddable":true,"href":"https:\/\/cdtir49.fr\/index.php?rest_route=\/wp\/v2\/pages\/47"}],"wp:attachment":[{"href":"https:\/\/cdtir49.fr\/index.php?rest_route=%2Fwp%2Fv2%2Fmedia&parent=295"}],"curies":[{"name":"wp","href":"https:\/\/api.w.org\/{rel}","templated":true}]}}