{"id":31,"date":"2025-08-17T15:23:13","date_gmt":"2025-08-17T15:23:13","guid":{"rendered":"http:\/\/cdtir49.fr\/?page_id=31"},"modified":"2025-12-17T16:51:09","modified_gmt":"2025-12-17T15:51:09","slug":"collectifs","status":"publish","type":"page","link":"https:\/\/cdtir49.fr\/?page_id=31","title":{"rendered":"Collectif Jeunes 49"},"content":{"rendered":"\n<div class=\"wp-block-columns is-layout-flex wp-container-core-columns-is-layout-28f84493 wp-block-columns-is-layout-flex\">\n<div class=\"wp-block-column is-layout-flow wp-block-column-is-layout-flow\" style=\"flex-basis:66.66%\">\n<div class=\"wp-block-media-text is-stacked-on-mobile is-vertically-aligned-top\" style=\"grid-template-columns:21% auto\"><figure class=\"wp-block-media-text__media\"><img loading=\"lazy\" decoding=\"async\" width=\"1024\" height=\"1024\" src=\"http:\/\/cdtir49.fr\/wp-content\/uploads\/2025\/08\/collectif_couleur_web@2x-1024x1024.png\" alt=\"\" class=\"wp-image-153 size-full\" srcset=\"https:\/\/cdtir49.fr\/wp-content\/uploads\/2025\/08\/collectif_couleur_web@2x-1024x1024.png 1024w, https:\/\/cdtir49.fr\/wp-content\/uploads\/2025\/08\/collectif_couleur_web@2x-300x300.png 300w, https:\/\/cdtir49.fr\/wp-content\/uploads\/2025\/08\/collectif_couleur_web@2x-150x150.png 150w, https:\/\/cdtir49.fr\/wp-content\/uploads\/2025\/08\/collectif_couleur_web@2x-2000x2000.png 2000w, https:\/\/cdtir49.fr\/wp-content\/uploads\/2025\/08\/collectif_couleur_web@2x.png 2048w\" sizes=\"auto, (max-width: 1024px) 100vw, 1024px\" \/><\/figure><div class=\"wp-block-media-text__content\">\n<p>Le collectif d\u00e9partemental \u00e0 pour objectif d&#8217;aider les jeunes de clubs du d\u00e9partement \u00e0 exploiter au maximum leur comp\u00e9tences et mat\u00e9riels afin d&#8217;atteindre des objectifs de points et de comp\u00e9titions,&nbsp;avec dans l&#8217;id\u00e9e d&#8217;emmener des jeunes vers les collectifs r\u00e9gionaux puis nationaux.<\/p>\n\n\n\n<p>Les rassemblements se font \u00e0 hauteur de 6 \u00e0 8 journ\u00e9es dans la saison, encadr\u00e9s par un entra\u00eeneur&nbsp;f\u00e9d\u00e9ral et des formateurs de clubs. Le lien avec les coachs de clubs se fait par un rapport apr\u00e8s&nbsp;chaque journ\u00e9e de rencontre du collectif.<\/p>\n<\/div><\/div>\n\n\n\n<figure class=\"wp-block-image size-large\"><img loading=\"lazy\" decoding=\"async\" width=\"1024\" height=\"771\" src=\"https:\/\/cdtir49.fr\/wp-content\/uploads\/2025\/12\/5d7677b8-b38e-4eef-a9f1-91454c10cfc5-1024x771.jpg\" alt=\"\" class=\"wp-image-529\" srcset=\"https:\/\/cdtir49.fr\/wp-content\/uploads\/2025\/12\/5d7677b8-b38e-4eef-a9f1-91454c10cfc5-1024x771.jpg 1024w, https:\/\/cdtir49.fr\/wp-content\/uploads\/2025\/12\/5d7677b8-b38e-4eef-a9f1-91454c10cfc5-300x226.jpg 300w, https:\/\/cdtir49.fr\/wp-content\/uploads\/2025\/12\/5d7677b8-b38e-4eef-a9f1-91454c10cfc5.jpg 1600w\" sizes=\"auto, (max-width: 1024px) 100vw, 1024px\" \/><\/figure>\n<\/div>\n\n\n\n<div class=\"wp-block-column is-layout-flow wp-block-column-is-layout-flow\" style=\"flex-basis:33.33%\">\n<h3 class=\"wp-block-heading\">Calendrier collectif<\/h3>\n\n\n\n<p>Dimanche 18 janvier<br>\u00c0 ASTierc\u00e9 Tir, Tierc\u00e9<\/p>\n\n\n\n<p>Dimanche 22 f\u00e9vrier<br>Club \u00e0 d\u00e9terminer<\/p>\n\n\n\n<p>Dimanche 22 mars<br>\u00c0 SSTAR, Saumur<\/p>\n\n\n\n<p>Dimanche 3 mai<br>Club \u00e0 d\u00e9terminer<\/p>\n\n\n\n<p>Dimanche 31 mai<br>Club \u00e0 d\u00e9terminer<\/p>\n<\/div>\n<\/div>\n\n\n\n<div class=\"wp-block-columns is-layout-flex wp-container-core-columns-is-layout-28f84493 wp-block-columns-is-layout-flex\">\n<div class=\"wp-block-column is-layout-flow wp-block-column-is-layout-flow\" style=\"flex-basis:66.66%\">\n<p>Collectif encadr\u00e9 par : <br>* J\u00e9r\u00f4me Joly<br>* Manon Juret<\/p>\n\n\n\n<p>Jeunes saison 2025\/2026 : <br>* Tiffen, Esp\u00e9rance Tir St-Laurent-de-la-Plaine<br>* Tim\u00e9o, Esp\u00e9rance Tir St-Laurent-de-la-Plaine<br>* Lisa, SSTAR<br>* Vinciane, SSTAR<br>* Tim\u00e9o, Cholet Tir Sportif<br>* Marion, ASTierc\u00e9 Tir<br>* Malo, ASTierc\u00e9 Tir<br>* Noam, ASTierc\u00e9 Tir<\/p>\n<\/div>\n\n\n\n<div class=\"wp-block-column is-layout-flow wp-block-column-is-layout-flow\" style=\"flex-basis:33.33%\">\n<h3 class=\"wp-block-heading\">Actualit\u00e9s collectif<\/h3>\n\n\n\n<p>D\u00e9tection saison 26\u202227<br>Le dimanche 28 juin<br>Lieu \u00e0 d\u00e9terminer<\/p>\n<\/div>\n<\/div>\n\n\n\n<figure class=\"wp-block-gallery has-nested-images columns-default is-cropped wp-block-gallery-1 is-layout-flex wp-block-gallery-is-layout-flex\">\n<figure class=\"wp-block-image size-large\"><img loading=\"lazy\" decoding=\"async\" width=\"576\" height=\"1024\" data-id=\"532\" src=\"https:\/\/cdtir49.fr\/wp-content\/uploads\/2025\/12\/6522a982-516c-40fa-b8d9-1d926ffd146b-576x1024.jpg\" alt=\"\" class=\"wp-image-532\" srcset=\"https:\/\/cdtir49.fr\/wp-content\/uploads\/2025\/12\/6522a982-516c-40fa-b8d9-1d926ffd146b-576x1024.jpg 576w, https:\/\/cdtir49.fr\/wp-content\/uploads\/2025\/12\/6522a982-516c-40fa-b8d9-1d926ffd146b-169x300.jpg 169w, https:\/\/cdtir49.fr\/wp-content\/uploads\/2025\/12\/6522a982-516c-40fa-b8d9-1d926ffd146b.jpg 899w\" sizes=\"auto, (max-width: 576px) 100vw, 576px\" \/><\/figure>\n\n\n\n<figure class=\"wp-block-image size-large\"><img loading=\"lazy\" decoding=\"async\" width=\"576\" height=\"1024\" data-id=\"530\" src=\"https:\/\/cdtir49.fr\/wp-content\/uploads\/2025\/12\/195d252e-982f-4892-b98f-9e8e07f7cff2-576x1024.jpg\" alt=\"\" class=\"wp-image-530\" srcset=\"https:\/\/cdtir49.fr\/wp-content\/uploads\/2025\/12\/195d252e-982f-4892-b98f-9e8e07f7cff2-576x1024.jpg 576w, https:\/\/cdtir49.fr\/wp-content\/uploads\/2025\/12\/195d252e-982f-4892-b98f-9e8e07f7cff2-169x300.jpg 169w, https:\/\/cdtir49.fr\/wp-content\/uploads\/2025\/12\/195d252e-982f-4892-b98f-9e8e07f7cff2.jpg 899w\" sizes=\"auto, (max-width: 576px) 100vw, 576px\" \/><\/figure>\n\n\n\n<figure class=\"wp-block-image size-large\"><img loading=\"lazy\" decoding=\"async\" width=\"1024\" height=\"576\" data-id=\"531\" src=\"https:\/\/cdtir49.fr\/wp-content\/uploads\/2025\/12\/81f75740-5a0f-401a-9d83-35ba2372e944-1024x576.jpg\" alt=\"\" class=\"wp-image-531\" srcset=\"https:\/\/cdtir49.fr\/wp-content\/uploads\/2025\/12\/81f75740-5a0f-401a-9d83-35ba2372e944-1024x576.jpg 1024w, https:\/\/cdtir49.fr\/wp-content\/uploads\/2025\/12\/81f75740-5a0f-401a-9d83-35ba2372e944-300x169.jpg 300w, https:\/\/cdtir49.fr\/wp-content\/uploads\/2025\/12\/81f75740-5a0f-401a-9d83-35ba2372e944.jpg 1599w\" sizes=\"auto, (max-width: 1024px) 100vw, 1024px\" \/><\/figure>\n<\/figure>\n","protected":false},"excerpt":{"rendered":"<p>Le collectif d\u00e9partemental \u00e0 pour objectif d&#8217;aider les jeunes de clubs du d\u00e9partement \u00e0 exploiter au maximum leur comp\u00e9tences et mat\u00e9riels afin d&#8217;atteindre des objectifs de points et de comp\u00e9titions,&nbsp;avec dans l&#8217;id\u00e9e d&#8217;emmener des jeunes vers les collectifs r\u00e9gionaux puis nationaux. Les rassemblements se font \u00e0 hauteur de 6 \u00e0 8 journ\u00e9es dans la saison, &hellip; <\/p>\n<p class=\"link-more\"><a href=\"https:\/\/cdtir49.fr\/?page_id=31\" class=\"more-link\">Read more<span class=\"screen-reader-text\"> &#8220;Collectif Jeunes 49&#8221;<\/span><\/a><\/p>\n","protected":false},"author":1,"featured_media":0,"parent":0,"menu_order":0,"comment_status":"closed","ping_status":"closed","template":"","meta":{"footnotes":""},"class_list":["post-31","page","type-page","status-publish","hentry"],"_links":{"self":[{"href":"https:\/\/cdtir49.fr\/index.php?rest_route=\/wp\/v2\/pages\/31","targetHints":{"allow":["GET"]}}],"collection":[{"href":"https:\/\/cdtir49.fr\/index.php?rest_route=\/wp\/v2\/pages"}],"about":[{"href":"https:\/\/cdtir49.fr\/index.php?rest_route=\/wp\/v2\/types\/page"}],"author":[{"embeddable":true,"href":"https:\/\/cdtir49.fr\/index.php?rest_route=\/wp\/v2\/users\/1"}],"replies":[{"embeddable":true,"href":"https:\/\/cdtir49.fr\/index.php?rest_route=%2Fwp%2Fv2%2Fcomments&post=31"}],"version-history":[{"count":13,"href":"https:\/\/cdtir49.fr\/index.php?rest_route=\/wp\/v2\/pages\/31\/revisions"}],"predecessor-version":[{"id":533,"href":"https:\/\/cdtir49.fr\/index.php?rest_route=\/wp\/v2\/pages\/31\/revisions\/533"}],"wp:attachment":[{"href":"https:\/\/cdtir49.fr\/index.php?rest_route=%2Fwp%2Fv2%2Fmedia&parent=31"}],"curies":[{"name":"wp","href":"https:\/\/api.w.org\/{rel}","templated":true}]}}