{"id":47,"date":"2025-08-17T15:31:15","date_gmt":"2025-08-17T15:31:15","guid":{"rendered":"http:\/\/cdtir49.fr\/?page_id=47"},"modified":"2026-04-10T19:26:59","modified_gmt":"2026-04-10T17:26:59","slug":"competitions","status":"publish","type":"page","link":"https:\/\/cdtir49.fr\/?page_id=47","title":{"rendered":"Comp\u00e9titions"},"content":{"rendered":"\n<div class=\"wp-block-columns is-layout-flex wp-container-core-columns-is-layout-28f84493 wp-block-columns-is-layout-flex\">\n<div class=\"wp-block-column is-layout-flow wp-block-column-is-layout-flow\" style=\"flex-basis:66.66%\">\n<h2 class=\"wp-block-heading\">Comp\u00e9titions d\u00e9partementales<\/h2>\n\n\n\n<ul class=\"wp-block-list\">\n<li><strong>Championnat D\u00e9partemental TAR<\/strong><\/li>\n<\/ul>\n\n\n\n<p>Dou\u00e9-en-Anjou les 11 et 12 avril<br>Inscription du ISI WEB \u00e0 partir du 21 mars<br>* <a href=\"https:\/\/cdtir49.fr\/wp-content\/uploads\/2026\/03\/Deptx-TAR-Avis-de-Championnat.pdf\" data-type=\"attachment\" data-id=\"572\">Avis de Championnat<\/a><br>* <a href=\"https:\/\/cdtir49.fr\/wp-content\/uploads\/2026\/03\/Deptx-TAR-Plan-de-Tir.pdf\" data-type=\"attachment\" data-id=\"573\">Plan de tir<\/a><\/p>\n\n\n\n<p>Consulter le <a href=\"https:\/\/www.fftir.org\/wp-content\/uploads\/2026\/01\/CNS-TAR-Reglement-TAR-2025-2026-Diffusion-20260112.pdf\">nouveau r\u00e8glement TAR<\/a><\/p>\n\n\n\n<ul class=\"wp-block-list\">\n<li><strong>Championnat D\u00e9partemental 25\/50 m<\/strong><\/li>\n<\/ul>\n\n\n\n<p>Saumur les 18 et 19 avril<br>Inscription du ISI WEB \u00e0 partir du 28 mars<br>* <a href=\"https:\/\/cdtir49.fr\/wp-content\/uploads\/2026\/03\/Deptx-25-50m-Avis-de-Championnat.pdf\" data-type=\"attachment\" data-id=\"574\">Avis de championnat<\/a><br>* <a href=\"https:\/\/cdtir49.fr\/wp-content\/uploads\/2026\/03\/Deptx-2550m-Plan-de-tir.pdf\" data-type=\"attachment\" data-id=\"575\">Plan de Tir<\/a><br>* <a href=\"https:\/\/cdtir49.fr\/wp-content\/uploads\/2026\/04\/Deptx-25-50m-Tireurs-par-Postes.pdf\" data-type=\"attachment\" data-id=\"590\">Tireur par poste<\/a><\/p>\n\n\n\n<p><\/p>\n\n\n\n<ul class=\"wp-block-list\">\n<li><strong>Championnat D\u00e9partemental \u00e9cole de Tir 10m<\/strong><\/li>\n<\/ul>\n\n\n\n<p>St Laurent de la Plaine les 28 f\u00e9vrier et 1 mars<br>* <a href=\"https:\/\/cdtir49.fr\/wp-content\/uploads\/2026\/03\/Deptx-EDT-10m-Palmares-Individuel.pdf\" data-type=\"attachment\" data-id=\"571\">Palmar\u00e8s Individuel<\/a><br>* <a href=\"https:\/\/cdtir49.fr\/wp-content\/uploads\/2026\/03\/Deptx-EDT-10m-Palmares-Equipes.pdf\" data-type=\"attachment\" data-id=\"570\">Palmar\u00e8s \u00e9quipe<\/a><\/p>\n<\/div>\n\n\n\n<div class=\"wp-block-column is-layout-flow wp-block-column-is-layout-flow\" style=\"flex-basis:33.33%\">\n<h2 class=\"wp-block-heading\">Calendrier<\/h2>\n\n\n\n<p><strong>R\u00e9gionaux Adultes 10m<\/strong><br>13 &amp; 14 D\u00e9cembre 2025<br>St Jean de Monts<\/p>\n\n\n\n<p><strong>D\u00e9partement Clubs <\/strong><br>10 &amp; 11 janvier 2025<br>Tierc\u00e9<\/p>\n\n\n\n<h2 class=\"wp-block-heading\">Liens<\/h2>\n\n\n\n<p><a href=\"https:\/\/www.tirpaysdelaloire.fr\/gestion-sportive---8-36.html\">Acc\u00e9der aux informations des comp\u00e9titions r\u00e9gionales ici<\/a><\/p>\n\n\n\n<p><a href=\"https:\/\/www.fftir.org\/competitions\/\">Acc\u00e9der aux informations des comp\u00e9titions nationales ici<\/a><\/p>\n\n\n\n<h2 class=\"wp-block-heading\">Archives \/ Galerie photos<\/h2>\n\n\n\n<p><a href=\"http:\/\/cdtir49.fr\/?page_id=295\" data-type=\"page\" data-id=\"295\">saison 2025\/2026<\/a><\/p>\n<\/div>\n<\/div>\n\n\n\n<div class=\"wp-block-columns is-layout-flex wp-container-core-columns-is-layout-28f84493 wp-block-columns-is-layout-flex\">\n<div class=\"wp-block-column is-layout-flow wp-block-column-is-layout-flow\">\n<ul class=\"wp-block-list\">\n<li><strong>Championnat D\u00e9partemental Armes Anciennes<\/strong><\/li>\n<\/ul>\n\n\n\n<p>Durtal les 14 et 15 mars<br>* <a href=\"https:\/\/cdtir49.fr\/wp-content\/uploads\/2026\/03\/2026-Regx-Armes-Anciennes-Palmares-individuel.pdf\" data-type=\"attachment\" data-id=\"585\">Palmar\u00e8s<\/a><\/p>\n<\/div>\n<\/div>\n\n\n\n<hr class=\"wp-block-separator has-alpha-channel-opacity\"\/>\n\n\n\n<h2 class=\"wp-block-heading\">Challenges Amicaux<\/h2>\n\n\n\n<p>D\u00e9couvrez les challenges amicaux du Maine-et-Loire<\/p>\n\n\n\n<div class=\"wp-block-columns is-layout-flex wp-container-core-columns-is-layout-28f84493 wp-block-columns-is-layout-flex\">\n<div class=\"wp-block-column is-layout-flow wp-block-column-is-layout-flow\">\n<p><a href=\"https:\/\/www.tirpaysdelaloire.fr\/upload\/documents\/1628.pdf\"><strong>La Bulle &#8211; Challenge de Saumur<\/strong><\/a><br>23 et 24 mai 2026<\/p>\n<\/div>\n\n\n\n<div class=\"wp-block-column is-layout-flow wp-block-column-is-layout-flow\"><\/div>\n\n\n\n<div class=\"wp-block-column is-layout-flow wp-block-column-is-layout-flow\"><\/div>\n<\/div>\n\n\n\n<p><\/p>\n","protected":false},"excerpt":{"rendered":"<p>Comp\u00e9titions d\u00e9partementales Dou\u00e9-en-Anjou les 11 et 12 avrilInscription du ISI WEB \u00e0 partir du 21 mars* Avis de Championnat* Plan de tir Consulter le nouveau r\u00e8glement TAR Saumur les 18 et 19 avrilInscription du ISI WEB \u00e0 partir du 28 mars* Avis de championnat* Plan de Tir* Tireur par poste St Laurent de la Plaine &hellip; <\/p>\n<p class=\"link-more\"><a href=\"https:\/\/cdtir49.fr\/?page_id=47\" class=\"more-link\">Read more<span class=\"screen-reader-text\"> &#8220;Comp\u00e9titions&#8221;<\/span><\/a><\/p>\n","protected":false},"author":1,"featured_media":0,"parent":0,"menu_order":0,"comment_status":"closed","ping_status":"closed","template":"","meta":{"footnotes":""},"class_list":["post-47","page","type-page","status-publish","hentry"],"_links":{"self":[{"href":"https:\/\/cdtir49.fr\/index.php?rest_route=\/wp\/v2\/pages\/47","targetHints":{"allow":["GET"]}}],"collection":[{"href":"https:\/\/cdtir49.fr\/index.php?rest_route=\/wp\/v2\/pages"}],"about":[{"href":"https:\/\/cdtir49.fr\/index.php?rest_route=\/wp\/v2\/types\/page"}],"author":[{"embeddable":true,"href":"https:\/\/cdtir49.fr\/index.php?rest_route=\/wp\/v2\/users\/1"}],"replies":[{"embeddable":true,"href":"https:\/\/cdtir49.fr\/index.php?rest_route=%2Fwp%2Fv2%2Fcomments&post=47"}],"version-history":[{"count":44,"href":"https:\/\/cdtir49.fr\/index.php?rest_route=\/wp\/v2\/pages\/47\/revisions"}],"predecessor-version":[{"id":591,"href":"https:\/\/cdtir49.fr\/index.php?rest_route=\/wp\/v2\/pages\/47\/revisions\/591"}],"wp:attachment":[{"href":"https:\/\/cdtir49.fr\/index.php?rest_route=%2Fwp%2Fv2%2Fmedia&parent=47"}],"curies":[{"name":"wp","href":"https:\/\/api.w.org\/{rel}","templated":true}]}}